{"id":510,"date":"2024-11-15T19:07:43","date_gmt":"2024-11-16T03:07:43","guid":{"rendered":"https:\/\/xinshuo-mold.com\/?post_type=product&#038;p=510"},"modified":"2025-11-06T23:32:02","modified_gmt":"2025-11-07T07:32:02","slug":"de-khuon-ep-phun-may-dieu-hoa-khong-khi","status":"publish","type":"product","link":"https:\/\/xinshuo-mold.com\/vi\/product\/de-khuon-ep-phun-may-dieu-hoa-khong-khi\/","title":{"rendered":"Khu\u00f4n \u00e9p ch\u00e2n \u0111\u1ebf m\u00e1y \u0111i\u1ec1u h\u00f2a kh\u00f4ng kh\u00ed"},"content":{"rendered":"<h3>C\u00e1c b\u1ed9 ph\u1eadn \u0111\u00fac phun li\u00ean quan cho m\u00e1y \u0111i\u1ec1u h\u00f2a kh\u00f4ng kh\u00ed<\/h3>\n<figure id=\"attachment_1717\" aria-describedby=\"caption-attachment-1717\" style=\"width: 300px\" class=\"wp-caption alignleft\"><a href=\"https:\/\/xinshuo-mold.com\/vi\/product\/khuon-ep-phun-may-dieu-hoa-khong-khi\/\"><img fetchpriority=\"high\" decoding=\"async\" class=\"size-medium wp-image-1717\" src=\"https:\/\/xinshuo-mold.com\/wp-content\/uploads\/2024\/11\/Air-Conditioner-Plastic-Panel-300x300.webp\" alt=\"T\u1ea5m nh\u1ef1a m\u00e1y \u0111i\u1ec1u h\u00f2a kh\u00f4ng kh\u00ed\" width=\"300\" height=\"300\" srcset=\"https:\/\/xinshuo-mold.com\/wp-content\/uploads\/2024\/11\/Air-Conditioner-Plastic-Panel-300x300.webp 300w, https:\/\/xinshuo-mold.com\/wp-content\/uploads\/2024\/11\/Air-Conditioner-Plastic-Panel-150x150.webp 150w, https:\/\/xinshuo-mold.com\/wp-content\/uploads\/2024\/11\/Air-Conditioner-Plastic-Panel-768x768.webp 768w, https:\/\/xinshuo-mold.com\/wp-content\/uploads\/2024\/11\/Air-Conditioner-Plastic-Panel-12x12.webp 12w, https:\/\/xinshuo-mold.com\/wp-content\/uploads\/2024\/11\/Air-Conditioner-Plastic-Panel-400x400.webp 400w, https:\/\/xinshuo-mold.com\/wp-content\/uploads\/2024\/11\/Air-Conditioner-Plastic-Panel-100x100.webp 100w, https:\/\/xinshuo-mold.com\/wp-content\/uploads\/2024\/11\/Air-Conditioner-Plastic-Panel.webp 800w\" sizes=\"(max-width: 300px) 100vw, 300px\" \/><\/a><figcaption id=\"caption-attachment-1717\" class=\"wp-caption-text\">T\u1ea5m nh\u1ef1a m\u00e1y \u0111i\u1ec1u h\u00f2a kh\u00f4ng kh\u00ed<\/figcaption><\/figure>\n<figure id=\"attachment_1718\" aria-describedby=\"caption-attachment-1718\" style=\"width: 300px\" class=\"wp-caption alignleft\"><img decoding=\"async\" class=\"size-medium wp-image-1718\" src=\"https:\/\/xinshuo-mold.com\/wp-content\/uploads\/2024\/11\/Ceiling-Cassette-Air-Conditioner-Panel-300x300.webp\" alt=\"T\u1ea5m \u0111i\u1ec1u h\u00f2a \u00e2m tr\u1ea7n Cassette\" width=\"300\" height=\"300\" srcset=\"https:\/\/xinshuo-mold.com\/wp-content\/uploads\/2024\/11\/Ceiling-Cassette-Air-Conditioner-Panel-300x300.webp 300w, https:\/\/xinshuo-mold.com\/wp-content\/uploads\/2024\/11\/Ceiling-Cassette-Air-Conditioner-Panel-150x150.webp 150w, https:\/\/xinshuo-mold.com\/wp-content\/uploads\/2024\/11\/Ceiling-Cassette-Air-Conditioner-Panel-768x768.webp 768w, https:\/\/xinshuo-mold.com\/wp-content\/uploads\/2024\/11\/Ceiling-Cassette-Air-Conditioner-Panel-12x12.webp 12w, https:\/\/xinshuo-mold.com\/wp-content\/uploads\/2024\/11\/Ceiling-Cassette-Air-Conditioner-Panel-400x400.webp 400w, https:\/\/xinshuo-mold.com\/wp-content\/uploads\/2024\/11\/Ceiling-Cassette-Air-Conditioner-Panel-100x100.webp 100w, https:\/\/xinshuo-mold.com\/wp-content\/uploads\/2024\/11\/Ceiling-Cassette-Air-Conditioner-Panel.webp 800w\" sizes=\"(max-width: 300px) 100vw, 300px\" \/><figcaption id=\"caption-attachment-1718\" class=\"wp-caption-text\">T\u1ea5m \u0111i\u1ec1u h\u00f2a \u00e2m tr\u1ea7n Cassette<\/figcaption><\/figure>\n<figure id=\"attachment_1719\" aria-describedby=\"caption-attachment-1719\" style=\"width: 300px\" class=\"wp-caption alignleft\"><a href=\"https:\/\/xinshuo-mold.com\/vi\/product\/khuon-ep-phun-cho-khung-giua-cua-may-dieu-hoa-khong-khi\/\"><img decoding=\"async\" class=\"size-medium wp-image-1719\" src=\"https:\/\/xinshuo-mold.com\/wp-content\/uploads\/2024\/11\/Injection-Plastic-Middle-Frame-for-Air-Conditioner-300x300.webp\" alt=\"Khung gi\u1eefa b\u1eb1ng nh\u1ef1a phun cho m\u00e1y \u0111i\u1ec1u h\u00f2a kh\u00f4ng kh\u00ed\" width=\"300\" height=\"300\" srcset=\"https:\/\/xinshuo-mold.com\/wp-content\/uploads\/2024\/11\/Injection-Plastic-Middle-Frame-for-Air-Conditioner-300x300.webp 300w, https:\/\/xinshuo-mold.com\/wp-content\/uploads\/2024\/11\/Injection-Plastic-Middle-Frame-for-Air-Conditioner-150x150.webp 150w, https:\/\/xinshuo-mold.com\/wp-content\/uploads\/2024\/11\/Injection-Plastic-Middle-Frame-for-Air-Conditioner-768x768.webp 768w, https:\/\/xinshuo-mold.com\/wp-content\/uploads\/2024\/11\/Injection-Plastic-Middle-Frame-for-Air-Conditioner-12x12.webp 12w, https:\/\/xinshuo-mold.com\/wp-content\/uploads\/2024\/11\/Injection-Plastic-Middle-Frame-for-Air-Conditioner-400x400.webp 400w, https:\/\/xinshuo-mold.com\/wp-content\/uploads\/2024\/11\/Injection-Plastic-Middle-Frame-for-Air-Conditioner-100x100.webp 100w, https:\/\/xinshuo-mold.com\/wp-content\/uploads\/2024\/11\/Injection-Plastic-Middle-Frame-for-Air-Conditioner.webp 800w\" sizes=\"(max-width: 300px) 100vw, 300px\" \/><\/a><figcaption id=\"caption-attachment-1719\" class=\"wp-caption-text\">Khung gi\u1eefa b\u1eb1ng nh\u1ef1a phun cho m\u00e1y \u0111i\u1ec1u h\u00f2a kh\u00f4ng kh\u00ed<\/figcaption><\/figure>\n<figure id=\"attachment_1720\" aria-describedby=\"caption-attachment-1720\" style=\"width: 300px\" class=\"wp-caption alignleft\"><a href=\"https:\/\/xinshuo-mold.com\/vi\/product\/khuon-ep-phun-cho-nap-tren-cua-may-dieu-hoa-khong-khi-di-dong\/\"><img loading=\"lazy\" decoding=\"async\" class=\"size-medium wp-image-1720\" src=\"https:\/\/xinshuo-mold.com\/wp-content\/uploads\/2024\/11\/Top-Cover-for-Portable-Air-Conditioner-300x300.webp\" alt=\"N\u1eafp tr\u00ean cho m\u00e1y \u0111i\u1ec1u h\u00f2a kh\u00f4ng kh\u00ed di \u0111\u1ed9ng\" width=\"300\" height=\"300\" srcset=\"https:\/\/xinshuo-mold.com\/wp-content\/uploads\/2024\/11\/Top-Cover-for-Portable-Air-Conditioner-300x300.webp 300w, https:\/\/xinshuo-mold.com\/wp-content\/uploads\/2024\/11\/Top-Cover-for-Portable-Air-Conditioner-150x150.webp 150w, https:\/\/xinshuo-mold.com\/wp-content\/uploads\/2024\/11\/Top-Cover-for-Portable-Air-Conditioner-768x768.webp 768w, https:\/\/xinshuo-mold.com\/wp-content\/uploads\/2024\/11\/Top-Cover-for-Portable-Air-Conditioner-12x12.webp 12w, https:\/\/xinshuo-mold.com\/wp-content\/uploads\/2024\/11\/Top-Cover-for-Portable-Air-Conditioner-400x400.webp 400w, https:\/\/xinshuo-mold.com\/wp-content\/uploads\/2024\/11\/Top-Cover-for-Portable-Air-Conditioner-100x100.webp 100w, https:\/\/xinshuo-mold.com\/wp-content\/uploads\/2024\/11\/Top-Cover-for-Portable-Air-Conditioner.webp 800w\" sizes=\"(max-width: 300px) 100vw, 300px\" \/><\/a><figcaption id=\"caption-attachment-1720\" class=\"wp-caption-text\">N\u1eafp tr\u00ean cho m\u00e1y \u0111i\u1ec1u h\u00f2a kh\u00f4ng kh\u00ed di \u0111\u1ed9ng<\/figcaption><\/figure>","protected":false},"excerpt":{"rendered":"<p><strong>K\u00edch th\u01b0\u1edbc khu\u00f4n (D\u00e0i x R\u1ed9ng x Cao):<\/strong> 1700 x 1200 x 1000 mm<br \/>\n<strong>Tr\u1ecdng l\u01b0\u1ee3ng khu\u00f4n:<\/strong> 12.000 kg<br \/>\n<strong>V\u1eadt li\u1ec7u c\u01a1 b\u1ea3n c\u1ee7a khu\u00f4n:<\/strong> FS878H, P20H<br \/>\n<strong>V\u1eadt li\u1ec7u c\u1ea5u th\u00e0nh khu\u00f4n \u0111\u00fac:<\/strong> C\u01a1 b\u1ee5ng\/H\u00f4ng<br \/>\n<strong>C\u1ea5u h\u00ecnh khoang:<\/strong> 1 khoang<br \/>\n<strong>C\u1ea5u h\u00ecnh c\u1ed5ng:<\/strong> H\u1ec7 th\u1ed1ng d\u1eabn n\u00f3ng tu\u1ea7n t\u1ef1 6 \u0111i\u1ec3m c\u00f3 van \u0111i\u1ec1u khi\u1ec3n<br \/>\n<strong>Mold Life:<\/strong> H\u01a1n 500.000 chu k\u1ef3<\/p>","protected":false},"featured_media":899,"template":"","meta":[],"product_brand":[],"product_cat":[42],"product_tag":[],"class_list":{"0":"post-510","1":"product","2":"type-product","3":"status-publish","4":"has-post-thumbnail","6":"product_cat-air-conditioner","8":"first","9":"instock","10":"shipping-taxable","11":"product-type-simple"},"yoast_head":"<!-- This site is optimized with the Yoast SEO plugin v25.4 - https:\/\/yoast.com\/wordpress\/plugins\/seo\/ -->\n<title>Air Conditioner Base Injection Mold<\/title>\n<meta name=\"robots\" content=\"noindex, nofollow\" \/>\n<meta property=\"og:locale\" content=\"vi_VN\" \/>\n<meta property=\"og:type\" content=\"article\" \/>\n<meta property=\"og:title\" content=\"Air Conditioner Base Injection Mold\" \/>\n<meta property=\"og:description\" content=\"Mold Dimensions (L x W x H): 1700 x 1200 x 1000 mm Mold Weight: 12,000 kg Mold Base Material: FS878H, P20H Molding Component Material: ABS\/HIPS Cavity Configuration: 1 cavity Gate Configuration: 6-point sequential valve-gated hot runner Mold Life: Over 500,000 cycles\" \/>\n<meta property=\"og:url\" content=\"https:\/\/xinshuo-mold.com\/vi\/product\/de-khuon-ep-phun-may-dieu-hoa-khong-khi\/\" \/>\n<meta property=\"og:site_name\" content=\"Shinsook Injection Mold\" \/>\n<meta property=\"article:modified_time\" content=\"2025-11-07T07:32:02+00:00\" \/>\n<meta property=\"og:image\" content=\"https:\/\/xinshuo-mold.com\/wp-content\/uploads\/2024\/11\/Air-conditioner-injection-mould-base-3.png\" \/>\n\t<meta property=\"og:image:width\" content=\"800\" \/>\n\t<meta property=\"og:image:height\" content=\"800\" \/>\n\t<meta property=\"og:image:type\" content=\"image\/png\" \/>\n<meta name=\"twitter:card\" content=\"summary_large_image\" \/>\n<meta name=\"twitter:label1\" content=\"\u01af\u1edbc t\u00ednh th\u1eddi gian \u0111\u1ecdc\" \/>\n\t<meta name=\"twitter:data1\" content=\"2 ph\u00fat\" \/>\n<script type=\"application\/ld+json\" class=\"yoast-schema-graph\">{\"@context\":\"https:\/\/schema.org\",\"@graph\":[{\"@type\":\"WebPage\",\"@id\":\"https:\/\/xinshuo-mold.com\/product\/air-conditioner-injection-mould-base\/\",\"url\":\"https:\/\/xinshuo-mold.com\/product\/air-conditioner-injection-mould-base\/\",\"name\":\"Air Conditioner Base Injection Mold\",\"isPartOf\":{\"@id\":\"https:\/\/xinshuo-mold.com\/#website\"},\"primaryImageOfPage\":{\"@id\":\"https:\/\/xinshuo-mold.com\/product\/air-conditioner-injection-mould-base\/#primaryimage\"},\"image\":{\"@id\":\"https:\/\/xinshuo-mold.com\/product\/air-conditioner-injection-mould-base\/#primaryimage\"},\"thumbnailUrl\":\"https:\/\/xinshuo-mold.com\/wp-content\/uploads\/2024\/11\/Air-conditioner-injection-mould-base-3.png\",\"datePublished\":\"2024-11-16T03:07:43+00:00\",\"dateModified\":\"2025-11-07T07:32:02+00:00\",\"breadcrumb\":{\"@id\":\"https:\/\/xinshuo-mold.com\/product\/air-conditioner-injection-mould-base\/#breadcrumb\"},\"inLanguage\":\"vi\",\"potentialAction\":[{\"@type\":\"ReadAction\",\"target\":[\"https:\/\/xinshuo-mold.com\/product\/air-conditioner-injection-mould-base\/\"]}]},{\"@type\":\"ImageObject\",\"inLanguage\":\"vi\",\"@id\":\"https:\/\/xinshuo-mold.com\/product\/air-conditioner-injection-mould-base\/#primaryimage\",\"url\":\"https:\/\/xinshuo-mold.com\/wp-content\/uploads\/2024\/11\/Air-conditioner-injection-mould-base-3.png\",\"contentUrl\":\"https:\/\/xinshuo-mold.com\/wp-content\/uploads\/2024\/11\/Air-conditioner-injection-mould-base-3.png\",\"width\":800,\"height\":800,\"caption\":\"Air Conditioner Injection Mold Base\"},{\"@type\":\"BreadcrumbList\",\"@id\":\"https:\/\/xinshuo-mold.com\/product\/air-conditioner-injection-mould-base\/#breadcrumb\",\"itemListElement\":[{\"@type\":\"ListItem\",\"position\":1,\"name\":\"Home\",\"item\":\"https:\/\/xinshuo-mold.com\/\"},{\"@type\":\"ListItem\",\"position\":2,\"name\":\"Products\",\"item\":\"https:\/\/xinshuo-mold.com\/product\/\"},{\"@type\":\"ListItem\",\"position\":3,\"name\":\"Air Conditioner Base Injection Mold\"}]},{\"@type\":\"WebSite\",\"@id\":\"https:\/\/xinshuo-mold.com\/#website\",\"url\":\"https:\/\/xinshuo-mold.com\/\",\"name\":\"Shinsook Injection Mold\",\"description\":\"\",\"publisher\":{\"@id\":\"https:\/\/xinshuo-mold.com\/#organization\"},\"potentialAction\":[{\"@type\":\"SearchAction\",\"target\":{\"@type\":\"EntryPoint\",\"urlTemplate\":\"https:\/\/xinshuo-mold.com\/?s={search_term_string}\"},\"query-input\":{\"@type\":\"PropertyValueSpecification\",\"valueRequired\":true,\"valueName\":\"search_term_string\"}}],\"inLanguage\":\"vi\"},{\"@type\":\"Organization\",\"@id\":\"https:\/\/xinshuo-mold.com\/#organization\",\"name\":\"Shinsook Injection Mold\",\"url\":\"https:\/\/xinshuo-mold.com\/\",\"logo\":{\"@type\":\"ImageObject\",\"inLanguage\":\"vi\",\"@id\":\"https:\/\/xinshuo-mold.com\/#\/schema\/logo\/image\/\",\"url\":\"https:\/\/xinshuo-mold.com\/wp-content\/uploads\/2024\/11\/kaishuo-LOGO-new-black.webp\",\"contentUrl\":\"https:\/\/xinshuo-mold.com\/wp-content\/uploads\/2024\/11\/kaishuo-LOGO-new-black.webp\",\"width\":408,\"height\":30,\"caption\":\"Shinsook Injection Mold\"},\"image\":{\"@id\":\"https:\/\/xinshuo-mold.com\/#\/schema\/logo\/image\/\"}}]}<\/script>\n<!-- \/ Yoast SEO plugin. -->","yoast_head_json":{"title":"Khu\u00f4n \u00e9p ch\u00e2n \u0111\u1ebf m\u00e1y \u0111i\u1ec1u h\u00f2a kh\u00f4ng kh\u00ed","robots":{"index":"noindex","follow":"nofollow"},"og_locale":"vi_VN","og_type":"article","og_title":"Air Conditioner Base Injection Mold","og_description":"Mold Dimensions (L x W x H): 1700 x 1200 x 1000 mm Mold Weight: 12,000 kg Mold Base Material: FS878H, P20H Molding Component Material: ABS\/HIPS Cavity Configuration: 1 cavity Gate Configuration: 6-point sequential valve-gated hot runner Mold Life: Over 500,000 cycles","og_url":"https:\/\/xinshuo-mold.com\/vi\/product\/de-khuon-ep-phun-may-dieu-hoa-khong-khi\/","og_site_name":"Shinsook Injection Mold","article_modified_time":"2025-11-07T07:32:02+00:00","og_image":[{"width":800,"height":800,"url":"https:\/\/xinshuo-mold.com\/wp-content\/uploads\/2024\/11\/Air-conditioner-injection-mould-base-3.png","type":"image\/png"}],"twitter_card":"summary_large_image","twitter_misc":{"\u01af\u1edbc t\u00ednh th\u1eddi gian \u0111\u1ecdc":"2 ph\u00fat"},"schema":{"@context":"https:\/\/schema.org","@graph":[{"@type":"WebPage","@id":"https:\/\/xinshuo-mold.com\/product\/air-conditioner-injection-mould-base\/","url":"https:\/\/xinshuo-mold.com\/product\/air-conditioner-injection-mould-base\/","name":"Khu\u00f4n \u00e9p ch\u00e2n \u0111\u1ebf m\u00e1y \u0111i\u1ec1u h\u00f2a kh\u00f4ng kh\u00ed","isPartOf":{"@id":"https:\/\/xinshuo-mold.com\/#website"},"primaryImageOfPage":{"@id":"https:\/\/xinshuo-mold.com\/product\/air-conditioner-injection-mould-base\/#primaryimage"},"image":{"@id":"https:\/\/xinshuo-mold.com\/product\/air-conditioner-injection-mould-base\/#primaryimage"},"thumbnailUrl":"https:\/\/xinshuo-mold.com\/wp-content\/uploads\/2024\/11\/Air-conditioner-injection-mould-base-3.png","datePublished":"2024-11-16T03:07:43+00:00","dateModified":"2025-11-07T07:32:02+00:00","breadcrumb":{"@id":"https:\/\/xinshuo-mold.com\/product\/air-conditioner-injection-mould-base\/#breadcrumb"},"inLanguage":"vi","potentialAction":[{"@type":"ReadAction","target":["https:\/\/xinshuo-mold.com\/product\/air-conditioner-injection-mould-base\/"]}]},{"@type":"ImageObject","inLanguage":"vi","@id":"https:\/\/xinshuo-mold.com\/product\/air-conditioner-injection-mould-base\/#primaryimage","url":"https:\/\/xinshuo-mold.com\/wp-content\/uploads\/2024\/11\/Air-conditioner-injection-mould-base-3.png","contentUrl":"https:\/\/xinshuo-mold.com\/wp-content\/uploads\/2024\/11\/Air-conditioner-injection-mould-base-3.png","width":800,"height":800,"caption":"Air Conditioner Injection Mold Base"},{"@type":"BreadcrumbList","@id":"https:\/\/xinshuo-mold.com\/product\/air-conditioner-injection-mould-base\/#breadcrumb","itemListElement":[{"@type":"ListItem","position":1,"name":"Home","item":"https:\/\/xinshuo-mold.com\/"},{"@type":"ListItem","position":2,"name":"Products","item":"https:\/\/xinshuo-mold.com\/product\/"},{"@type":"ListItem","position":3,"name":"Air Conditioner Base Injection Mold"}]},{"@type":"WebSite","@id":"https:\/\/xinshuo-mold.com\/#website","url":"https:\/\/xinshuo-mold.com\/","name":"Khu\u00f4n \u00e9p phun Shinsook","description":"","publisher":{"@id":"https:\/\/xinshuo-mold.com\/#organization"},"potentialAction":[{"@type":"SearchAction","target":{"@type":"EntryPoint","urlTemplate":"https:\/\/xinshuo-mold.com\/?s={search_term_string}"},"query-input":{"@type":"PropertyValueSpecification","valueRequired":true,"valueName":"search_term_string"}}],"inLanguage":"vi"},{"@type":"Organization","@id":"https:\/\/xinshuo-mold.com\/#organization","name":"Khu\u00f4n \u00e9p phun Shinsook","url":"https:\/\/xinshuo-mold.com\/","logo":{"@type":"ImageObject","inLanguage":"vi","@id":"https:\/\/xinshuo-mold.com\/#\/schema\/logo\/image\/","url":"https:\/\/xinshuo-mold.com\/wp-content\/uploads\/2024\/11\/kaishuo-LOGO-new-black.webp","contentUrl":"https:\/\/xinshuo-mold.com\/wp-content\/uploads\/2024\/11\/kaishuo-LOGO-new-black.webp","width":408,"height":30,"caption":"Shinsook Injection Mold"},"image":{"@id":"https:\/\/xinshuo-mold.com\/#\/schema\/logo\/image\/"}}]}},"_links":{"self":[{"href":"https:\/\/xinshuo-mold.com\/vi\/wp-json\/wp\/v2\/product\/510","targetHints":{"allow":["GET"]}}],"collection":[{"href":"https:\/\/xinshuo-mold.com\/vi\/wp-json\/wp\/v2\/product"}],"about":[{"href":"https:\/\/xinshuo-mold.com\/vi\/wp-json\/wp\/v2\/types\/product"}],"wp:featuredmedia":[{"embeddable":true,"href":"https:\/\/xinshuo-mold.com\/vi\/wp-json\/wp\/v2\/media\/899"}],"wp:attachment":[{"href":"https:\/\/xinshuo-mold.com\/vi\/wp-json\/wp\/v2\/media?parent=510"}],"wp:term":[{"taxonomy":"product_brand","embeddable":true,"href":"https:\/\/xinshuo-mold.com\/vi\/wp-json\/wp\/v2\/product_brand?post=510"},{"taxonomy":"product_cat","embeddable":true,"href":"https:\/\/xinshuo-mold.com\/vi\/wp-json\/wp\/v2\/product_cat?post=510"},{"taxonomy":"product_tag","embeddable":true,"href":"https:\/\/xinshuo-mold.com\/vi\/wp-json\/wp\/v2\/product_tag?post=510"}],"curies":[{"name":"wp","href":"https:\/\/api.w.org\/{rel}","templated":true}]}}