{"id":1109,"date":"2025-03-18T02:17:10","date_gmt":"2025-03-18T10:17:10","guid":{"rendered":"https:\/\/xinshuo-mold.com\/?post_type=product&#038;p=1109"},"modified":"2025-11-07T00:38:54","modified_gmt":"2025-11-07T08:38:54","slug":"khuon-ep-phun-cho-pin-nang-luong-moi","status":"publish","type":"product","link":"https:\/\/xinshuo-mold.com\/vi\/product\/khuon-ep-phun-cho-pin-nang-luong-moi\/","title":{"rendered":"Khu\u00f4n \u00e9p phun cho pin n\u0103ng l\u01b0\u1ee3ng m\u1edbi"},"content":{"rendered":"","protected":false},"excerpt":{"rendered":"","protected":false},"featured_media":1111,"template":"","meta":[],"product_brand":[],"product_cat":[54,43],"product_tag":[],"class_list":{"0":"post-1109","1":"product","2":"type-product","3":"status-publish","4":"has-post-thumbnail","6":"product_cat-battery-plate-mold","7":"product_cat-new-energy","9":"first","10":"instock","11":"shipping-taxable","12":"product-type-simple"},"yoast_head":"<!-- This site is optimized with the Yoast SEO plugin v25.4 - https:\/\/yoast.com\/wordpress\/plugins\/seo\/ -->\n<title>Injection Mold for New Energy Batteries - Shinsook Injection Mold<\/title>\n<meta name=\"robots\" content=\"noindex, nofollow\" \/>\n<meta property=\"og:locale\" content=\"vi_VN\" \/>\n<meta property=\"og:type\" content=\"article\" \/>\n<meta property=\"og:title\" content=\"Injection Mold for New Energy Batteries - Shinsook Injection Mold\" \/>\n<meta property=\"og:url\" content=\"https:\/\/xinshuo-mold.com\/vi\/product\/khuon-ep-phun-cho-pin-nang-luong-moi\/\" \/>\n<meta property=\"og:site_name\" content=\"Shinsook Injection Mold\" \/>\n<meta property=\"article:modified_time\" content=\"2025-11-07T08:38:54+00:00\" \/>\n<meta property=\"og:image\" content=\"https:\/\/xinshuo-mold.com\/wp-content\/uploads\/2025\/03\/Inection-mold-for-new-energy-batteries.webp\" \/>\n\t<meta property=\"og:image:width\" content=\"800\" \/>\n\t<meta property=\"og:image:height\" content=\"800\" \/>\n\t<meta property=\"og:image:type\" content=\"image\/webp\" \/>\n<meta name=\"twitter:card\" content=\"summary_large_image\" \/>\n<meta name=\"twitter:label1\" content=\"\u01af\u1edbc t\u00ednh th\u1eddi gian \u0111\u1ecdc\" \/>\n\t<meta name=\"twitter:data1\" content=\"1 ph\u00fat\" \/>\n<script type=\"application\/ld+json\" class=\"yoast-schema-graph\">{\"@context\":\"https:\/\/schema.org\",\"@graph\":[{\"@type\":\"WebPage\",\"@id\":\"https:\/\/xinshuo-mold.com\/product\/injection-mold-for-new-energy-batteries\/\",\"url\":\"https:\/\/xinshuo-mold.com\/product\/injection-mold-for-new-energy-batteries\/\",\"name\":\"Injection Mold for New Energy Batteries - Shinsook Injection Mold\",\"isPartOf\":{\"@id\":\"https:\/\/xinshuo-mold.com\/#website\"},\"primaryImageOfPage\":{\"@id\":\"https:\/\/xinshuo-mold.com\/product\/injection-mold-for-new-energy-batteries\/#primaryimage\"},\"image\":{\"@id\":\"https:\/\/xinshuo-mold.com\/product\/injection-mold-for-new-energy-batteries\/#primaryimage\"},\"thumbnailUrl\":\"https:\/\/xinshuo-mold.com\/wp-content\/uploads\/2025\/03\/Inection-mold-for-new-energy-batteries.webp\",\"datePublished\":\"2025-03-18T10:17:10+00:00\",\"dateModified\":\"2025-11-07T08:38:54+00:00\",\"breadcrumb\":{\"@id\":\"https:\/\/xinshuo-mold.com\/product\/injection-mold-for-new-energy-batteries\/#breadcrumb\"},\"inLanguage\":\"vi\",\"potentialAction\":[{\"@type\":\"ReadAction\",\"target\":[\"https:\/\/xinshuo-mold.com\/product\/injection-mold-for-new-energy-batteries\/\"]}]},{\"@type\":\"ImageObject\",\"inLanguage\":\"vi\",\"@id\":\"https:\/\/xinshuo-mold.com\/product\/injection-mold-for-new-energy-batteries\/#primaryimage\",\"url\":\"https:\/\/xinshuo-mold.com\/wp-content\/uploads\/2025\/03\/Inection-mold-for-new-energy-batteries.webp\",\"contentUrl\":\"https:\/\/xinshuo-mold.com\/wp-content\/uploads\/2025\/03\/Inection-mold-for-new-energy-batteries.webp\",\"width\":800,\"height\":800,\"caption\":\"Injection Mold for New Energy Batteries\"},{\"@type\":\"BreadcrumbList\",\"@id\":\"https:\/\/xinshuo-mold.com\/product\/injection-mold-for-new-energy-batteries\/#breadcrumb\",\"itemListElement\":[{\"@type\":\"ListItem\",\"position\":1,\"name\":\"Home\",\"item\":\"https:\/\/xinshuo-mold.com\/\"},{\"@type\":\"ListItem\",\"position\":2,\"name\":\"Products\",\"item\":\"https:\/\/xinshuo-mold.com\/product\/\"},{\"@type\":\"ListItem\",\"position\":3,\"name\":\"Injection Mold for New Energy Batteries\"}]},{\"@type\":\"WebSite\",\"@id\":\"https:\/\/xinshuo-mold.com\/#website\",\"url\":\"https:\/\/xinshuo-mold.com\/\",\"name\":\"Shinsook Injection Mold\",\"description\":\"\",\"publisher\":{\"@id\":\"https:\/\/xinshuo-mold.com\/#organization\"},\"potentialAction\":[{\"@type\":\"SearchAction\",\"target\":{\"@type\":\"EntryPoint\",\"urlTemplate\":\"https:\/\/xinshuo-mold.com\/?s={search_term_string}\"},\"query-input\":{\"@type\":\"PropertyValueSpecification\",\"valueRequired\":true,\"valueName\":\"search_term_string\"}}],\"inLanguage\":\"vi\"},{\"@type\":\"Organization\",\"@id\":\"https:\/\/xinshuo-mold.com\/#organization\",\"name\":\"Shinsook Injection Mold\",\"url\":\"https:\/\/xinshuo-mold.com\/\",\"logo\":{\"@type\":\"ImageObject\",\"inLanguage\":\"vi\",\"@id\":\"https:\/\/xinshuo-mold.com\/#\/schema\/logo\/image\/\",\"url\":\"https:\/\/xinshuo-mold.com\/wp-content\/uploads\/2024\/11\/kaishuo-LOGO-new-black.webp\",\"contentUrl\":\"https:\/\/xinshuo-mold.com\/wp-content\/uploads\/2024\/11\/kaishuo-LOGO-new-black.webp\",\"width\":408,\"height\":30,\"caption\":\"Shinsook Injection Mold\"},\"image\":{\"@id\":\"https:\/\/xinshuo-mold.com\/#\/schema\/logo\/image\/\"}}]}<\/script>\n<!-- \/ Yoast SEO plugin. -->","yoast_head_json":{"title":"Khu\u00f4n \u00e9p phun cho pin n\u0103ng l\u01b0\u1ee3ng m\u1edbi - Khu\u00f4n \u00e9p phun Shinsook","robots":{"index":"noindex","follow":"nofollow"},"og_locale":"vi_VN","og_type":"article","og_title":"Injection Mold for New Energy Batteries - Shinsook Injection Mold","og_url":"https:\/\/xinshuo-mold.com\/vi\/product\/khuon-ep-phun-cho-pin-nang-luong-moi\/","og_site_name":"Shinsook Injection Mold","article_modified_time":"2025-11-07T08:38:54+00:00","og_image":[{"width":800,"height":800,"url":"https:\/\/xinshuo-mold.com\/wp-content\/uploads\/2025\/03\/Inection-mold-for-new-energy-batteries.webp","type":"image\/webp"}],"twitter_card":"summary_large_image","twitter_misc":{"\u01af\u1edbc t\u00ednh th\u1eddi gian \u0111\u1ecdc":"1 ph\u00fat"},"schema":{"@context":"https:\/\/schema.org","@graph":[{"@type":"WebPage","@id":"https:\/\/xinshuo-mold.com\/product\/injection-mold-for-new-energy-batteries\/","url":"https:\/\/xinshuo-mold.com\/product\/injection-mold-for-new-energy-batteries\/","name":"Khu\u00f4n \u00e9p phun cho pin n\u0103ng l\u01b0\u1ee3ng m\u1edbi - Khu\u00f4n \u00e9p phun Shinsook","isPartOf":{"@id":"https:\/\/xinshuo-mold.com\/#website"},"primaryImageOfPage":{"@id":"https:\/\/xinshuo-mold.com\/product\/injection-mold-for-new-energy-batteries\/#primaryimage"},"image":{"@id":"https:\/\/xinshuo-mold.com\/product\/injection-mold-for-new-energy-batteries\/#primaryimage"},"thumbnailUrl":"https:\/\/xinshuo-mold.com\/wp-content\/uploads\/2025\/03\/Inection-mold-for-new-energy-batteries.webp","datePublished":"2025-03-18T10:17:10+00:00","dateModified":"2025-11-07T08:38:54+00:00","breadcrumb":{"@id":"https:\/\/xinshuo-mold.com\/product\/injection-mold-for-new-energy-batteries\/#breadcrumb"},"inLanguage":"vi","potentialAction":[{"@type":"ReadAction","target":["https:\/\/xinshuo-mold.com\/product\/injection-mold-for-new-energy-batteries\/"]}]},{"@type":"ImageObject","inLanguage":"vi","@id":"https:\/\/xinshuo-mold.com\/product\/injection-mold-for-new-energy-batteries\/#primaryimage","url":"https:\/\/xinshuo-mold.com\/wp-content\/uploads\/2025\/03\/Inection-mold-for-new-energy-batteries.webp","contentUrl":"https:\/\/xinshuo-mold.com\/wp-content\/uploads\/2025\/03\/Inection-mold-for-new-energy-batteries.webp","width":800,"height":800,"caption":"Injection Mold for New Energy Batteries"},{"@type":"BreadcrumbList","@id":"https:\/\/xinshuo-mold.com\/product\/injection-mold-for-new-energy-batteries\/#breadcrumb","itemListElement":[{"@type":"ListItem","position":1,"name":"Home","item":"https:\/\/xinshuo-mold.com\/"},{"@type":"ListItem","position":2,"name":"Products","item":"https:\/\/xinshuo-mold.com\/product\/"},{"@type":"ListItem","position":3,"name":"Injection Mold for New Energy Batteries"}]},{"@type":"WebSite","@id":"https:\/\/xinshuo-mold.com\/#website","url":"https:\/\/xinshuo-mold.com\/","name":"Khu\u00f4n \u00e9p phun Shinsook","description":"","publisher":{"@id":"https:\/\/xinshuo-mold.com\/#organization"},"potentialAction":[{"@type":"SearchAction","target":{"@type":"EntryPoint","urlTemplate":"https:\/\/xinshuo-mold.com\/?s={search_term_string}"},"query-input":{"@type":"PropertyValueSpecification","valueRequired":true,"valueName":"search_term_string"}}],"inLanguage":"vi"},{"@type":"Organization","@id":"https:\/\/xinshuo-mold.com\/#organization","name":"Khu\u00f4n \u00e9p phun Shinsook","url":"https:\/\/xinshuo-mold.com\/","logo":{"@type":"ImageObject","inLanguage":"vi","@id":"https:\/\/xinshuo-mold.com\/#\/schema\/logo\/image\/","url":"https:\/\/xinshuo-mold.com\/wp-content\/uploads\/2024\/11\/kaishuo-LOGO-new-black.webp","contentUrl":"https:\/\/xinshuo-mold.com\/wp-content\/uploads\/2024\/11\/kaishuo-LOGO-new-black.webp","width":408,"height":30,"caption":"Shinsook Injection Mold"},"image":{"@id":"https:\/\/xinshuo-mold.com\/#\/schema\/logo\/image\/"}}]}},"_links":{"self":[{"href":"https:\/\/xinshuo-mold.com\/vi\/wp-json\/wp\/v2\/product\/1109","targetHints":{"allow":["GET"]}}],"collection":[{"href":"https:\/\/xinshuo-mold.com\/vi\/wp-json\/wp\/v2\/product"}],"about":[{"href":"https:\/\/xinshuo-mold.com\/vi\/wp-json\/wp\/v2\/types\/product"}],"wp:featuredmedia":[{"embeddable":true,"href":"https:\/\/xinshuo-mold.com\/vi\/wp-json\/wp\/v2\/media\/1111"}],"wp:attachment":[{"href":"https:\/\/xinshuo-mold.com\/vi\/wp-json\/wp\/v2\/media?parent=1109"}],"wp:term":[{"taxonomy":"product_brand","embeddable":true,"href":"https:\/\/xinshuo-mold.com\/vi\/wp-json\/wp\/v2\/product_brand?post=1109"},{"taxonomy":"product_cat","embeddable":true,"href":"https:\/\/xinshuo-mold.com\/vi\/wp-json\/wp\/v2\/product_cat?post=1109"},{"taxonomy":"product_tag","embeddable":true,"href":"https:\/\/xinshuo-mold.com\/vi\/wp-json\/wp\/v2\/product_tag?post=1109"}],"curies":[{"name":"wp","href":"https:\/\/api.w.org\/{rel}","templated":true}]}}